{"id":8,"date":"2015-05-25T16:02:59","date_gmt":"2015-05-25T14:02:59","guid":{"rendered":"http:\/\/localhost:8888\/?page_id=7"},"modified":"2025-08-19T15:17:40","modified_gmt":"2025-08-19T13:17:40","slug":"inscriptions","status":"publish","type":"page","link":"https:\/\/nihontaijitsu.org\/?page_id=8","title":{"rendered":"Inscriptions"},"content":{"rendered":"<p><strong><span style=\"color: #ff0000;\">LES COURS REPRENNENT LE LUNDI 8 SEPTEMBRE 2025 A 20H<\/span><\/strong><\/p>\n<p>Pour vous inscrire, veuillez t\u00e9l\u00e9charger, imprimer et compl\u00e9ter la fiche d&rsquo;inscription propos\u00e9e en t\u00e9l\u00e9chargement ci-dessous.<\/p>\n<p><a href=\"http:\/\/nihontaijitsu.org\/wp-content\/uploads\/2017\/06\/fiche-dinscription.pdf\">Fiche d&rsquo;inscription et autorisation parentale<\/a><\/p>\n<p>Un cours d&rsquo;essais (toute l&rsquo;ann\u00e9e) est propos\u00e9 sans obligation d&rsquo;inscription (veuillez toutefois remplir la fiche d&rsquo;inscription et l&rsquo;autorisation parentale pour des questions d&rsquo;assurance)<\/p>\n<p>Les pi\u00e8ces suivantes sont \u00e0 fournir lors de l&rsquo;inscription :<\/p>\n<blockquote>\n<ul>\n<li>Fiche d&rsquo;inscription d\u00fbment remplie\u00a0(\u00e0 partir de 15 ans, avec autorisation\u00a0parentale pour les mineurs)<\/li>\n<li>1 photo d&rsquo;identit\u00e9<\/li>\n<li>Certificat m\u00e9dical mentionnant\u00a0\u00ab\u00a0Aptitude \u00e0 la pratique du Nihon Ta\u00ef-Jitsu\u00a0\u00bb<\/li>\n<li>Le ch\u00e8que du r\u00e8glement de la cotisation<\/li>\n<\/ul>\n<p>Cotisation ( Licences FFKarate et EFNTJ comprises ) :<\/p>\n<p><strong>Tarif Saison 2025-2026 : Tarif forfaitaire unique de 195\u20ac pour 2 cours par semaine (licence comprise).<\/strong><\/p><\/blockquote>\n","protected":false},"excerpt":{"rendered":"<p>LES COURS REPRENNENT LE LUNDI 8 SEPTEMBRE 2025 A 20H Pour vous inscrire, veuillez t\u00e9l\u00e9charger, imprimer et compl\u00e9ter la fiche d&rsquo;inscription propos\u00e9e en t\u00e9l\u00e9chargement ci-dessous. Fiche d&rsquo;inscription et autorisation parentale Un cours d&rsquo;essais (toute l&rsquo;ann\u00e9e) est propos\u00e9 sans obligation d&rsquo;inscription (veuillez toutefois remplir la fiche d&rsquo;inscription et l&rsquo;autorisation parentale pour des questions d&rsquo;assurance) Les pi\u00e8ces<\/p>\n<p class=\"more-link\"><a href=\"https:\/\/nihontaijitsu.org\/?page_id=8\" class=\"themebutton2\">READ MORE<\/a><\/p>\n","protected":false},"author":2,"featured_media":0,"parent":0,"menu_order":0,"comment_status":"closed","ping_status":"closed","template":"","meta":[],"_links":{"self":[{"href":"https:\/\/nihontaijitsu.org\/index.php?rest_route=\/wp\/v2\/pages\/8"}],"collection":[{"href":"https:\/\/nihontaijitsu.org\/index.php?rest_route=\/wp\/v2\/pages"}],"about":[{"href":"https:\/\/nihontaijitsu.org\/index.php?rest_route=\/wp\/v2\/types\/page"}],"author":[{"embeddable":true,"href":"https:\/\/nihontaijitsu.org\/index.php?rest_route=\/wp\/v2\/users\/2"}],"replies":[{"embeddable":true,"href":"https:\/\/nihontaijitsu.org\/index.php?rest_route=%2Fwp%2Fv2%2Fcomments&post=8"}],"version-history":[{"count":24,"href":"https:\/\/nihontaijitsu.org\/index.php?rest_route=\/wp\/v2\/pages\/8\/revisions"}],"predecessor-version":[{"id":427,"href":"https:\/\/nihontaijitsu.org\/index.php?rest_route=\/wp\/v2\/pages\/8\/revisions\/427"}],"wp:attachment":[{"href":"https:\/\/nihontaijitsu.org\/index.php?rest_route=%2Fwp%2Fv2%2Fmedia&parent=8"}],"curies":[{"name":"wp","href":"https:\/\/api.w.org\/{rel}","templated":true}]}}