{"id":50,"date":"2015-05-27T17:28:48","date_gmt":"2015-05-27T15:28:48","guid":{"rendered":"http:\/\/localhost:8888\/?page_id=50"},"modified":"2020-09-09T16:36:43","modified_gmt":"2020-09-09T14:36:43","slug":"cours","status":"publish","type":"page","link":"https:\/\/nihontaijitsu.org\/?page_id=50","title":{"rendered":"Cours"},"content":{"rendered":"<p>Le Nihon Tai Jitsu (NTJ), c\u2019est quoi ? :<a href=\"http:\/\/nihontaijitsu.org\/wp-content\/uploads\/2015\/07\/01-20.jpg\"><img loading=\"lazy\" class=\"alignright wp-image-95 size-medium\" src=\"http:\/\/nihontaijitsu.org\/wp-content\/uploads\/2015\/07\/01-20-300x200.jpg\" alt=\"01 (20)\" width=\"300\" height=\"200\" srcset=\"https:\/\/nihontaijitsu.org\/wp-content\/uploads\/2015\/07\/01-20-300x200.jpg 300w, https:\/\/nihontaijitsu.org\/wp-content\/uploads\/2015\/07\/01-20-570x380.jpg 570w, https:\/\/nihontaijitsu.org\/wp-content\/uploads\/2015\/07\/01-20-380x254.jpg 380w, https:\/\/nihontaijitsu.org\/wp-content\/uploads\/2015\/07\/01-20-285x190.jpg 285w, https:\/\/nihontaijitsu.org\/wp-content\/uploads\/2015\/07\/01-20.jpg 600w\" sizes=\"(max-width: 300px) 100vw, 300px\" \/><\/a><br \/>\nC\u2019est un art martial de self d\u00e9fense adapt\u00e9 \u00e0 un usage moderne utilisant des mouvements vari\u00e9s et abordables par tous.<\/p>\n<p>Comment cela se passe au Chesnay-Rocquencourt ?<br \/>\nLes cours ont une dur\u00e9e de 2h. Chaque cours commence par un \u00e9chauffement de 30 min environ pour bien pr\u00e9parer le corps, puis on entame le travail du NTJ.<\/p>\n<p>Quelles techniques travaille-t-on ? :<br \/>\nDans notre club, nous consid\u00e9rons que pour pouvoir bien se d\u00e9fendre, il faut une polyvalence dans les techniques, et dans la mani\u00e8re de les utiliser.<br \/>\nOn utilise donc des frappes, des luxations et des projections que l\u2019on appliquera dans les combats au sol ou pieds poings, mais aussi sur saisies directes.<\/p>\n<p>Quelle est la p\u00e9dagogie utilis\u00e9e ? :<br \/>\nLa construction des cours est diff\u00e9rente de ce que l\u2019on trouve usuellement dans les cours d\u2019arts martiaux.<br \/>\nOn y pratique des cours techniques, pendant lesquels on travaille en d\u00e9tail les diff\u00e9rents mouvements, ainsi que certains fondamentaux de l\u2019art martial.<br \/>\nOn y pratique des cours kata : encha\u00eenements structur\u00e9s de mouvements codifi\u00e9s.<br \/>\nOn y pratique des cours combats, d\u00e9volus \u00e0 l\u2019application et \u00e0 \u00a0la mise en situation en se voulant le plus proche d\u2019une situation r\u00e9el de self d\u00e9fense.<br \/>\nLa variation des cours est la suivante: 3 cours techniques, 2 cours combats, 1 cour kata.<\/p>\n<p>Qui peut pratiquer ?<br \/>\nOn peut commencer les cours \u00e0 partir de 15 ans (14 ans sur d\u00e9rogation apr\u00e8s discussion entre les parents, l&rsquo;adolescent et l&rsquo;\u00e9quipe p\u00e9dagogique), c\u2019est la seule limitation.<br \/>\nLe professeur laisse libre appr\u00e9ciation \u00e0 ses \u00e9l\u00e8ves quant \u00e0 leurs capacit\u00e9s physiques \u00e0 suivre l\u2019\u00e9chauffement ou le cours. Chacun pratique \u00e0 son rythme dans le respect du cours qui se d\u00e9roule.<\/p>\n<p>Pour les horaires : <a href=\"http:\/\/nihontaijitsu.org\/?page_id=14\">c&rsquo;est ici !<\/a><\/p>\n<p>Qui sont les enseignant ?<br \/>\nEmmanuel Seban 3\u00e8me DAN FFKarat\u00e9 et 3\u00e8me DAN EFNTJ<\/p>\n<p>Alexandre Wormser 3\u00e8me DAN FFKarat\u00e9 et 2\u00e8me DAN EFNTJ<\/p>\n<p>Erwan Le Disez 3\u00e8me DAN FFKarat\u00e9 et 2\u00e8me DAN EFNTJ<\/p>\n<p>Alexis Noel 1 er DAN FFKarat\u00e9<\/p>\n","protected":false},"excerpt":{"rendered":"<p>Le Nihon Tai Jitsu (NTJ), c\u2019est quoi ? : C\u2019est un art martial de self d\u00e9fense adapt\u00e9 \u00e0 un usage moderne utilisant des mouvements vari\u00e9s et abordables par tous. Comment cela se passe au Chesnay-Rocquencourt ? Les cours ont une dur\u00e9e de 2h. Chaque cours commence par un \u00e9chauffement de 30 min environ pour bien<\/p>\n<p class=\"more-link\"><a href=\"https:\/\/nihontaijitsu.org\/?page_id=50\" class=\"themebutton2\">READ MORE<\/a><\/p>\n","protected":false},"author":2,"featured_media":0,"parent":0,"menu_order":0,"comment_status":"closed","ping_status":"closed","template":"","meta":[],"_links":{"self":[{"href":"https:\/\/nihontaijitsu.org\/index.php?rest_route=\/wp\/v2\/pages\/50"}],"collection":[{"href":"https:\/\/nihontaijitsu.org\/index.php?rest_route=\/wp\/v2\/pages"}],"about":[{"href":"https:\/\/nihontaijitsu.org\/index.php?rest_route=\/wp\/v2\/types\/page"}],"author":[{"embeddable":true,"href":"https:\/\/nihontaijitsu.org\/index.php?rest_route=\/wp\/v2\/users\/2"}],"replies":[{"embeddable":true,"href":"https:\/\/nihontaijitsu.org\/index.php?rest_route=%2Fwp%2Fv2%2Fcomments&post=50"}],"version-history":[{"count":15,"href":"https:\/\/nihontaijitsu.org\/index.php?rest_route=\/wp\/v2\/pages\/50\/revisions"}],"predecessor-version":[{"id":366,"href":"https:\/\/nihontaijitsu.org\/index.php?rest_route=\/wp\/v2\/pages\/50\/revisions\/366"}],"wp:attachment":[{"href":"https:\/\/nihontaijitsu.org\/index.php?rest_route=%2Fwp%2Fv2%2Fmedia&parent=50"}],"curies":[{"name":"wp","href":"https:\/\/api.w.org\/{rel}","templated":true}]}}